{"id":29,"date":"2017-04-03T13:07:23","date_gmt":"2017-04-03T13:07:23","guid":{"rendered":"https:\/\/efisped.com\/?page_id=29"},"modified":"2022-08-24T14:21:42","modified_gmt":"2022-08-24T14:21:42","slug":"about-efi-sped-transport-relocation-company","status":"publish","type":"page","link":"https:\/\/efisped.com\/hu\/about-efi-sped-transport-relocation-company\/","title":{"rendered":"About"},"content":{"rendered":"<div class=\"vc_row wpb_row vc_row-fluid\"><div class=\"wpb_column vc_column_container vc_col-sm-12 sc_layouts_column_icons_position_left\"><div class=\"vc_column-inner\"><div class=\"wpb_wrapper\"><div class=\"vc_empty_space  height_huge\"   style=\"height: 32px\"><span class=\"vc_empty_space_inner\"><\/span><\/div><\/div><\/div><\/div><div class=\"wpb_column vc_column_container vc_col-sm-5 sc_layouts_column_icons_position_left\"><div class=\"vc_column-inner\"><div class=\"wpb_wrapper\"><div id=\"sc_title_1219850958\"\n\t\tclass=\"sc_title color_style_default sc_title_default  vc_custom_1661349944971\"><h6 class=\"sc_item_subtitle sc_title_subtitle sc_align_left sc_item_title_style_default\">About EFI Sped<\/h6><h2 class=\"sc_item_title sc_title_title sc_align_left sc_item_title_style_default sc_item_title_tag\">Az \u00d6n legjobb sz\u00e1ll\u00edt\u00e1si \u00e9s k\u00f6lt\u00f6ztet\u00e9si partnere<\/h2><div class=\"sc_item_descr sc_title_descr sc_align_left\"><p>Szolg\u00e1ltat\u00e1saink sz\u00e9les sk\u00e1l\u00e1j\u00e1t k\u00edn\u00e1ljuk, amelyek megk\u00f6nny\u00edtik az \u00d6n \u00e9let\u00e9t. A k\u00f6lt\u00f6ztet\u00e9st\u0151l a rakom\u00e1nyok be- \u00e9s kirakod\u00e1s\u00e1ig, valamint a sz\u00e1ll\u00edtott \u00e1ruk biztons\u00e1g\u00e1nak biztos\u00edt\u00e1s\u00e1ig minden olyan dolog, amit megszoktunk.<br \/>\nCsapatunk fuvaroz\u00e1si szakemberekb\u0151l \u00e1ll, magas szak\u00e9rtelemmel, \u00fcgyf\u00e9lorient\u00e1ci\u00f3s k\u00e9pess\u00e9gekkel. T\u00f6bb mint 6 \u00e9ves tapasztalattal rendelkez\u00fcnk a sz\u00e1ll\u00edt\u00e1s \u00e9s k\u00f6lt\u00f6ztet\u00e9s ter\u00fclet\u00e9n. Egyetlen c\u00e9lunk van: hogy partnereink el\u00e9gedettek \u00e9s el\u00e9gedettek legyenek szolg\u00e1ltat\u00e1sainkkal.<br \/>\nTov\u00e1bbi inform\u00e1ci\u00f3\u00e9rt ne habozzon kapcsolatba l\u00e9pni vel\u00fcnk.<\/p>\n<\/div><\/div><!-- \/.sc_title --><div class=\"vc_empty_space  height_small\"   style=\"height: 32px\"><span class=\"vc_empty_space_inner\"><\/span><\/div><div class=\"vc_empty_space  height_small\"   style=\"height: 32px\"><span class=\"vc_empty_space_inner\"><\/span><\/div><\/div><\/div><\/div><div class=\"wpb_column vc_column_container vc_col-sm-6 vc_col-md-offset-1 sc_layouts_column_icons_position_left\"><div class=\"vc_column-inner\"><div class=\"wpb_wrapper\"><div class=\"wpb_gallery wpb_content_element vc_clearfix\" ><div class=\"wpb_wrapper\"><div class=\"wpb_gallery_slides wpb_image_grid\" data-interval=\"3\"><ul class=\"wpb_image_grid_ul\"><li class=\"isotope-item\"><a class=\"\" href=\"https:\/\/efisped.com\/wp-content\/uploads\/2022\/08\/About-1024x683.webp\" data-lightbox=\"lightbox[rel-29-2983382504]\"><img loading=\"lazy\" decoding=\"async\" width=\"1024\" height=\"683\" src=\"https:\/\/efisped.com\/wp-content\/uploads\/2022\/08\/About-1024x683.webp\" class=\"attachment-large\" alt=\"\" title=\"About\" srcset=\"https:\/\/efisped.com\/wp-content\/uploads\/2022\/08\/About-1024x683.webp 1024w, https:\/\/efisped.com\/wp-content\/uploads\/2022\/08\/About-300x200.webp 300w, https:\/\/efisped.com\/wp-content\/uploads\/2022\/08\/About-768x513.webp 768w, https:\/\/efisped.com\/wp-content\/uploads\/2022\/08\/About-1536x1025.webp 1536w, https:\/\/efisped.com\/wp-content\/uploads\/2022\/08\/About-2048x1367.webp 2048w, https:\/\/efisped.com\/wp-content\/uploads\/2022\/08\/About-370x247.webp 370w, https:\/\/efisped.com\/wp-content\/uploads\/2022\/08\/About-760x507.webp 760w\" sizes=\"auto, (max-width: 1024px) 100vw, 1024px\" \/><\/a><\/li><\/ul><\/div><\/div><\/div><div class=\"vc_empty_space  vc_custom_1497266861248 height_large\"   style=\"height: 32px\"><span class=\"vc_empty_space_inner\"><\/span><\/div><\/div><\/div><\/div><\/div><div class=\"vc_row wpb_row vc_row-fluid\"><div class=\"wpb_column vc_column_container vc_col-sm-12 sc_layouts_column_icons_position_left\"><div class=\"vc_column-inner\"><div class=\"wpb_wrapper\"><div id=\"sc_icons_1991175478\" \n\tclass=\"sc_icons sc_icons_default sc_icons_size_small sc_align_left\"><h6 class=\"sc_item_subtitle sc_icons_subtitle sc_align_left sc_item_title_style_default\">K\u00f6lt\u00f6z\u00e9si folyamatunk<\/h6><h2 class=\"sc_item_title sc_icons_title sc_align_left sc_item_title_style_default sc_item_title_tag\">Az \u00e1ruk mozgat\u00e1sa egyszer\u0171<\/h2><div class=\"sc_icons_columns sc_item_columns trx_addons_columns_wrap columns_padding_bottom\"><div class=\"trx_addons_column-1_4\"><div class=\"sc_icons_item\"><div id=\"sc_icons_1991175478_icon-icon2\" class=\"sc_icons_icon sc_icon_type_ icon-icon2\"\n\t\t\t\t\t\t\t\t\t\t\t\t><span class=\"sc_icon_type_ icon-icon2\"><\/span><\/div><h4 class=\"sc_icons_item_title\"><span>Foglalja le szolg\u00e1ltat\u00e1sunkat<\/span><\/h4><\/div><\/div><div class=\"trx_addons_column-1_4\"><div class=\"sc_icons_item\"><div id=\"sc_icons_1991175478_icon-icon6\" class=\"sc_icons_icon sc_icon_type_ icon-icon6\"\n\t\t\t\t\t\t\t\t\t\t\t\t><span class=\"sc_icon_type_ icon-icon6\"><\/span><\/div><h4 class=\"sc_icons_item_title\"><span>\u00c1rut rakunk<\/span><\/h4><\/div><\/div><div class=\"trx_addons_column-1_4\"><div class=\"sc_icons_item\"><div id=\"sc_icons_1991175478_icon-icon3\" class=\"sc_icons_icon sc_icon_type_ icon-icon3\"\n\t\t\t\t\t\t\t\t\t\t\t\t><span class=\"sc_icon_type_ icon-icon3\"><\/span><\/div><h4 class=\"sc_icons_item_title\"><span>We move your goods<\/span><\/h4><\/div><\/div><div class=\"trx_addons_column-1_4\"><div class=\"sc_icons_item\"><div id=\"sc_icons_1991175478_icon-icon5\" class=\"sc_icons_icon sc_icon_type_ icon-icon5\"\n\t\t\t\t\t\t\t\t\t\t\t\t><span class=\"sc_icon_type_ icon-icon5\"><\/span><\/div><h4 class=\"sc_icons_item_title\"><span>\u00c1rut kirakunk<\/span><\/h4><\/div><\/div><\/div><\/div><!-- \/.sc_icons --><div class=\"vc_empty_space  vc_custom_1497355575188 height_biggest\"   style=\"height: 32px\"><span class=\"vc_empty_space_inner\"><\/span><\/div><\/div><\/div><\/div><\/div><div class=\"vc_row wpb_row vc_row-fluid\"><div class=\"wpb_column vc_column_container vc_col-sm-12 sc_layouts_column_icons_position_left\"><div class=\"vc_column-inner\"><div class=\"wpb_wrapper\"><\/div><\/div><\/div><\/div>","protected":false},"excerpt":{"rendered":"About EFI SpedYour best transportation & relocation partnerWe have a wide range of services, designed to make your life easier. Everything from moving, to loading and unloading cargoes, and to ensuring the safety of all the goods that are being transported, is something that we are used to. Our team is formed of transportation professionals, highly proficient, with client orientation&hellip;","protected":false},"author":1,"featured_media":3742,"parent":0,"menu_order":0,"comment_status":"closed","ping_status":"closed","template":"","meta":{"footnotes":""},"class_list":["post-29","page","type-page","status-publish","has-post-thumbnail","hentry"],"yoast_head":"<!-- This site is optimized with the Yoast SEO plugin v19.4 - https:\/\/yoast.com\/wordpress\/plugins\/seo\/ -->\n<title>About - EFI Sped<\/title>\n<meta name=\"description\" content=\"About - Efi Sped - Transport &amp; Relocation company. Everything from moving, to loading and unloading cargoes..\" \/>\n<meta name=\"robots\" content=\"index, follow, max-snippet:-1, max-image-preview:large, max-video-preview:-1\" \/>\n<link rel=\"canonical\" href=\"https:\/\/efisped.com\/hu\/about-efi-sped-transport-relocation-company\/\" \/>\n<meta property=\"og:locale\" content=\"hu_HU\" \/>\n<meta property=\"og:type\" content=\"article\" \/>\n<meta property=\"og:title\" content=\"About - EFI Sped\" \/>\n<meta property=\"og:description\" content=\"About - Efi Sped - Transport &amp; Relocation company. Everything from moving, to loading and unloading cargoes..\" \/>\n<meta property=\"og:url\" content=\"https:\/\/efisped.com\/hu\/about-efi-sped-transport-relocation-company\/\" \/>\n<meta property=\"og:site_name\" content=\"EFI Sped\" \/>\n<meta property=\"article:modified_time\" content=\"2022-08-24T14:21:42+00:00\" \/>\n<meta property=\"og:image\" content=\"https:\/\/efisped.com\/wp-content\/uploads\/2022\/08\/logo-efisped-1-e1661350843163.png\" \/>\n\t<meta property=\"og:image:width\" content=\"200\" \/>\n\t<meta property=\"og:image:height\" content=\"209\" \/>\n\t<meta property=\"og:image:type\" content=\"image\/png\" \/>\n<meta name=\"twitter:card\" content=\"summary_large_image\" \/>\n<meta name=\"twitter:label1\" content=\"Becs\u00fclt olvas\u00e1si id\u0151\" \/>\n\t<meta name=\"twitter:data1\" content=\"1 perc\" \/>\n<script type=\"application\/ld+json\" class=\"yoast-schema-graph\">{\"@context\":\"https:\/\/schema.org\",\"@graph\":[{\"@type\":\"Organization\",\"@id\":\"https:\/\/efisped.com\/#organization\",\"name\":\"Efi Transportes\",\"url\":\"https:\/\/efisped.com\/\",\"sameAs\":[],\"logo\":{\"@type\":\"ImageObject\",\"inLanguage\":\"hu\",\"@id\":\"https:\/\/efisped.com\/#\/schema\/logo\/image\/\",\"url\":\"https:\/\/efisped.com\/wp-content\/uploads\/2022\/08\/Efi-Transportes-jpeg-2.jpg\",\"contentUrl\":\"https:\/\/efisped.com\/wp-content\/uploads\/2022\/08\/Efi-Transportes-jpeg-2.jpg\",\"width\":1500,\"height\":1500,\"caption\":\"Efi Transportes\"},\"image\":{\"@id\":\"https:\/\/efisped.com\/#\/schema\/logo\/image\/\"}},{\"@type\":\"WebSite\",\"@id\":\"https:\/\/efisped.com\/#website\",\"url\":\"https:\/\/efisped.com\/\",\"name\":\"EFI Sped\",\"description\":\"\",\"publisher\":{\"@id\":\"https:\/\/efisped.com\/#organization\"},\"potentialAction\":[{\"@type\":\"SearchAction\",\"target\":{\"@type\":\"EntryPoint\",\"urlTemplate\":\"https:\/\/efisped.com\/?s={search_term_string}\"},\"query-input\":\"required name=search_term_string\"}],\"inLanguage\":\"hu\"},{\"@type\":\"WebPage\",\"@id\":\"https:\/\/efisped.com\/about-efi-sped-transport-relocation-company\/\",\"url\":\"https:\/\/efisped.com\/about-efi-sped-transport-relocation-company\/\",\"name\":\"About - EFI Sped\",\"isPartOf\":{\"@id\":\"https:\/\/efisped.com\/#website\"},\"datePublished\":\"2017-04-03T13:07:23+00:00\",\"dateModified\":\"2022-08-24T14:21:42+00:00\",\"description\":\"About - Efi Sped - Transport & Relocation company. Everything from moving, to loading and unloading cargoes..\",\"breadcrumb\":{\"@id\":\"https:\/\/efisped.com\/about-efi-sped-transport-relocation-company\/#breadcrumb\"},\"inLanguage\":\"hu\",\"potentialAction\":[{\"@type\":\"ReadAction\",\"target\":[\"https:\/\/efisped.com\/about-efi-sped-transport-relocation-company\/\"]}]},{\"@type\":\"BreadcrumbList\",\"@id\":\"https:\/\/efisped.com\/about-efi-sped-transport-relocation-company\/#breadcrumb\",\"itemListElement\":[{\"@type\":\"ListItem\",\"position\":1,\"name\":\"Home\",\"item\":\"https:\/\/efisped.com\/\"},{\"@type\":\"ListItem\",\"position\":2,\"name\":\"About\"}]}]}<\/script>\n<!-- \/ Yoast SEO plugin. -->","yoast_head_json":{"title":"About - EFI Sped","description":"About - Efi Sped - Transport & Relocation company. Everything from moving, to loading and unloading cargoes..","robots":{"index":"index","follow":"follow","max-snippet":"max-snippet:-1","max-image-preview":"max-image-preview:large","max-video-preview":"max-video-preview:-1"},"canonical":"https:\/\/efisped.com\/hu\/about-efi-sped-transport-relocation-company\/","og_locale":"hu_HU","og_type":"article","og_title":"About - EFI Sped","og_description":"About - Efi Sped - Transport & Relocation company. Everything from moving, to loading and unloading cargoes..","og_url":"https:\/\/efisped.com\/hu\/about-efi-sped-transport-relocation-company\/","og_site_name":"EFI Sped","article_modified_time":"2022-08-24T14:21:42+00:00","og_image":[{"width":200,"height":209,"url":"https:\/\/efisped.com\/wp-content\/uploads\/2022\/08\/logo-efisped-1-e1661350843163.png","type":"image\/png"}],"twitter_card":"summary_large_image","twitter_misc":{"Becs\u00fclt olvas\u00e1si id\u0151":"1 perc"},"schema":{"@context":"https:\/\/schema.org","@graph":[{"@type":"Organization","@id":"https:\/\/efisped.com\/#organization","name":"Efi Transportes","url":"https:\/\/efisped.com\/","sameAs":[],"logo":{"@type":"ImageObject","inLanguage":"hu","@id":"https:\/\/efisped.com\/#\/schema\/logo\/image\/","url":"https:\/\/efisped.com\/wp-content\/uploads\/2022\/08\/Efi-Transportes-jpeg-2.jpg","contentUrl":"https:\/\/efisped.com\/wp-content\/uploads\/2022\/08\/Efi-Transportes-jpeg-2.jpg","width":1500,"height":1500,"caption":"Efi Transportes"},"image":{"@id":"https:\/\/efisped.com\/#\/schema\/logo\/image\/"}},{"@type":"WebSite","@id":"https:\/\/efisped.com\/#website","url":"https:\/\/efisped.com\/","name":"EFI Sped","description":"","publisher":{"@id":"https:\/\/efisped.com\/#organization"},"potentialAction":[{"@type":"SearchAction","target":{"@type":"EntryPoint","urlTemplate":"https:\/\/efisped.com\/?s={search_term_string}"},"query-input":"required name=search_term_string"}],"inLanguage":"hu"},{"@type":"WebPage","@id":"https:\/\/efisped.com\/about-efi-sped-transport-relocation-company\/","url":"https:\/\/efisped.com\/about-efi-sped-transport-relocation-company\/","name":"About - EFI Sped","isPartOf":{"@id":"https:\/\/efisped.com\/#website"},"datePublished":"2017-04-03T13:07:23+00:00","dateModified":"2022-08-24T14:21:42+00:00","description":"About - Efi Sped - Transport & Relocation company. Everything from moving, to loading and unloading cargoes..","breadcrumb":{"@id":"https:\/\/efisped.com\/about-efi-sped-transport-relocation-company\/#breadcrumb"},"inLanguage":"hu","potentialAction":[{"@type":"ReadAction","target":["https:\/\/efisped.com\/about-efi-sped-transport-relocation-company\/"]}]},{"@type":"BreadcrumbList","@id":"https:\/\/efisped.com\/about-efi-sped-transport-relocation-company\/#breadcrumb","itemListElement":[{"@type":"ListItem","position":1,"name":"Home","item":"https:\/\/efisped.com\/"},{"@type":"ListItem","position":2,"name":"About"}]}]}},"_links":{"self":[{"href":"https:\/\/efisped.com\/hu\/wp-json\/wp\/v2\/pages\/29","targetHints":{"allow":["GET"]}}],"collection":[{"href":"https:\/\/efisped.com\/hu\/wp-json\/wp\/v2\/pages"}],"about":[{"href":"https:\/\/efisped.com\/hu\/wp-json\/wp\/v2\/types\/page"}],"author":[{"embeddable":true,"href":"https:\/\/efisped.com\/hu\/wp-json\/wp\/v2\/users\/1"}],"replies":[{"embeddable":true,"href":"https:\/\/efisped.com\/hu\/wp-json\/wp\/v2\/comments?post=29"}],"version-history":[{"count":63,"href":"https:\/\/efisped.com\/hu\/wp-json\/wp\/v2\/pages\/29\/revisions"}],"predecessor-version":[{"id":3743,"href":"https:\/\/efisped.com\/hu\/wp-json\/wp\/v2\/pages\/29\/revisions\/3743"}],"wp:featuredmedia":[{"embeddable":true,"href":"https:\/\/efisped.com\/hu\/wp-json\/wp\/v2\/media\/3742"}],"wp:attachment":[{"href":"https:\/\/efisped.com\/hu\/wp-json\/wp\/v2\/media?parent=29"}],"curies":[{"name":"wp","href":"https:\/\/api.w.org\/{rel}","templated":true}]}}