{"id":29,"date":"2017-04-03T13:07:23","date_gmt":"2017-04-03T13:07:23","guid":{"rendered":"https:\/\/efisped.com\/?page_id=29"},"modified":"2022-08-24T14:21:42","modified_gmt":"2022-08-24T14:21:42","slug":"about-efi-sped-transport-relocation-company","status":"publish","type":"page","link":"https:\/\/efisped.com\/fr\/about-efi-sped-transport-relocation-company\/","title":{"rendered":"About"},"content":{"rendered":"<div class=\"vc_row wpb_row vc_row-fluid\"><div class=\"wpb_column vc_column_container vc_col-sm-12 sc_layouts_column_icons_position_left\"><div class=\"vc_column-inner\"><div class=\"wpb_wrapper\"><div class=\"vc_empty_space  height_huge\"   style=\"height: 32px\"><span class=\"vc_empty_space_inner\"><\/span><\/div><\/div><\/div><\/div><div class=\"wpb_column vc_column_container vc_col-sm-5 sc_layouts_column_icons_position_left\"><div class=\"vc_column-inner\"><div class=\"wpb_wrapper\"><div id=\"sc_title_1193148956\"\n\t\tclass=\"sc_title color_style_default sc_title_default  vc_custom_1661349944971\"><h6 class=\"sc_item_subtitle sc_title_subtitle sc_align_left sc_item_title_style_default\">About EFI Sped<\/h6><h2 class=\"sc_item_title sc_title_title sc_align_left sc_item_title_style_default sc_item_title_tag\">Votre meilleur partenaire de transport et de relocalisation<\/h2><div class=\"sc_item_descr sc_title_descr sc_align_left\"><p>Nous avons une large gamme de services, con\u00e7us pour vous faciliter la vie. Nous sommes habitu\u00e9s \u00e0 tout, du d\u00e9m\u00e9nagement au chargement et au d\u00e9chargement des cargaisons, en passant par la s\u00e9curit\u00e9 de toutes les marchandises transport\u00e9es.<br \/>\nNotre \u00e9quipe est form\u00e9e de professionnels du transport, hautement comp\u00e9tents, avec des comp\u00e9tences d'orientation client. Nous avons plus de 6 ans d'exp\u00e9rience dans le domaine du transport et du d\u00e9m\u00e9nagement. Nous avons un objectif pr\u00e9cis : rendre nos partenaires heureux et satisfaits de nos services.<br \/>\nN'h\u00e9sitez pas \u00e0 nous contacter pour plus d'informations.<\/p>\n<\/div><\/div><!-- \/.sc_title --><div class=\"vc_empty_space  height_small\"   style=\"height: 32px\"><span class=\"vc_empty_space_inner\"><\/span><\/div><div class=\"vc_empty_space  height_small\"   style=\"height: 32px\"><span class=\"vc_empty_space_inner\"><\/span><\/div><\/div><\/div><\/div><div class=\"wpb_column vc_column_container vc_col-sm-6 vc_col-md-offset-1 sc_layouts_column_icons_position_left\"><div class=\"vc_column-inner\"><div class=\"wpb_wrapper\"><div class=\"wpb_gallery wpb_content_element vc_clearfix\" ><div class=\"wpb_wrapper\"><div class=\"wpb_gallery_slides wpb_image_grid\" data-interval=\"3\"><ul class=\"wpb_image_grid_ul\"><li class=\"isotope-item\"><a class=\"\" href=\"https:\/\/efisped.com\/wp-content\/uploads\/2022\/08\/About-1024x683.webp\" data-lightbox=\"lightbox[rel-29-2894750133]\"><img loading=\"lazy\" decoding=\"async\" width=\"1024\" height=\"683\" src=\"https:\/\/efisped.com\/wp-content\/uploads\/2022\/08\/About-1024x683.webp\" class=\"attachment-large\" alt=\"\" title=\"About\" srcset=\"https:\/\/efisped.com\/wp-content\/uploads\/2022\/08\/About-1024x683.webp 1024w, https:\/\/efisped.com\/wp-content\/uploads\/2022\/08\/About-300x200.webp 300w, https:\/\/efisped.com\/wp-content\/uploads\/2022\/08\/About-768x513.webp 768w, https:\/\/efisped.com\/wp-content\/uploads\/2022\/08\/About-1536x1025.webp 1536w, https:\/\/efisped.com\/wp-content\/uploads\/2022\/08\/About-2048x1367.webp 2048w, https:\/\/efisped.com\/wp-content\/uploads\/2022\/08\/About-370x247.webp 370w, https:\/\/efisped.com\/wp-content\/uploads\/2022\/08\/About-760x507.webp 760w\" sizes=\"auto, (max-width: 1024px) 100vw, 1024px\" \/><\/a><\/li><\/ul><\/div><\/div><\/div><div class=\"vc_empty_space  vc_custom_1497266861248 height_large\"   style=\"height: 32px\"><span class=\"vc_empty_space_inner\"><\/span><\/div><\/div><\/div><\/div><\/div><div class=\"vc_row wpb_row vc_row-fluid\"><div class=\"wpb_column vc_column_container vc_col-sm-12 sc_layouts_column_icons_position_left\"><div class=\"vc_column-inner\"><div class=\"wpb_wrapper\"><div id=\"sc_icons_1798329237\" \n\tclass=\"sc_icons sc_icons_default sc_icons_size_small sc_align_left\"><h6 class=\"sc_item_subtitle sc_icons_subtitle sc_align_left sc_item_title_style_default\">Notre processus de d\u00e9m\u00e9nagement<\/h6><h2 class=\"sc_item_title sc_icons_title sc_align_left sc_item_title_style_default sc_item_title_tag\">D\u00e9placer des marchandises est facile<\/h2><div class=\"sc_icons_columns sc_item_columns trx_addons_columns_wrap columns_padding_bottom\"><div class=\"trx_addons_column-1_4\"><div class=\"sc_icons_item\"><div id=\"sc_icons_1798329237_icon-icon2\" class=\"sc_icons_icon sc_icon_type_ icon-icon2\"\n\t\t\t\t\t\t\t\t\t\t\t\t><span class=\"sc_icon_type_ icon-icon2\"><\/span><\/div><h4 class=\"sc_icons_item_title\"><span>R\u00e9servez notre service<\/span><\/h4><\/div><\/div><div class=\"trx_addons_column-1_4\"><div class=\"sc_icons_item\"><div id=\"sc_icons_1798329237_icon-icon6\" class=\"sc_icons_icon sc_icon_type_ icon-icon6\"\n\t\t\t\t\t\t\t\t\t\t\t\t><span class=\"sc_icon_type_ icon-icon6\"><\/span><\/div><h4 class=\"sc_icons_item_title\"><span>Nous chargeons des marchandises<\/span><\/h4><\/div><\/div><div class=\"trx_addons_column-1_4\"><div class=\"sc_icons_item\"><div id=\"sc_icons_1798329237_icon-icon3\" class=\"sc_icons_icon sc_icon_type_ icon-icon3\"\n\t\t\t\t\t\t\t\t\t\t\t\t><span class=\"sc_icon_type_ icon-icon3\"><\/span><\/div><h4 class=\"sc_icons_item_title\"><span>We move your goods<\/span><\/h4><\/div><\/div><div class=\"trx_addons_column-1_4\"><div class=\"sc_icons_item\"><div id=\"sc_icons_1798329237_icon-icon5\" class=\"sc_icons_icon sc_icon_type_ icon-icon5\"\n\t\t\t\t\t\t\t\t\t\t\t\t><span class=\"sc_icon_type_ icon-icon5\"><\/span><\/div><h4 class=\"sc_icons_item_title\"><span>Nous d\u00e9chargeons les marchandises<\/span><\/h4><\/div><\/div><\/div><\/div><!-- \/.sc_icons --><div class=\"vc_empty_space  vc_custom_1497355575188 height_biggest\"   style=\"height: 32px\"><span class=\"vc_empty_space_inner\"><\/span><\/div><\/div><\/div><\/div><\/div><div class=\"vc_row wpb_row vc_row-fluid\"><div class=\"wpb_column vc_column_container vc_col-sm-12 sc_layouts_column_icons_position_left\"><div class=\"vc_column-inner\"><div class=\"wpb_wrapper\"><\/div><\/div><\/div><\/div>","protected":false},"excerpt":{"rendered":"About EFI SpedYour best transportation & relocation partnerWe have a wide range of services, designed to make your life easier. Everything from moving, to loading and unloading cargoes, and to ensuring the safety of all the goods that are being transported, is something that we are used to. Our team is formed of transportation professionals, highly proficient, with client orientation&hellip;","protected":false},"author":1,"featured_media":3742,"parent":0,"menu_order":0,"comment_status":"closed","ping_status":"closed","template":"","meta":{"footnotes":""},"class_list":["post-29","page","type-page","status-publish","has-post-thumbnail","hentry"],"yoast_head":"<!-- This site is optimized with the Yoast SEO plugin v19.4 - https:\/\/yoast.com\/wordpress\/plugins\/seo\/ -->\n<title>About - EFI Sped<\/title>\n<meta name=\"description\" content=\"About - Efi Sped - Transport &amp; Relocation company. Everything from moving, to loading and unloading cargoes..\" \/>\n<meta name=\"robots\" content=\"index, follow, max-snippet:-1, max-image-preview:large, max-video-preview:-1\" \/>\n<link rel=\"canonical\" href=\"https:\/\/efisped.com\/fr\/about-efi-sped-transport-relocation-company\/\" \/>\n<meta property=\"og:locale\" content=\"fr_FR\" \/>\n<meta property=\"og:type\" content=\"article\" \/>\n<meta property=\"og:title\" content=\"About - EFI Sped\" \/>\n<meta property=\"og:description\" content=\"About - Efi Sped - Transport &amp; Relocation company. Everything from moving, to loading and unloading cargoes..\" \/>\n<meta property=\"og:url\" content=\"https:\/\/efisped.com\/fr\/about-efi-sped-transport-relocation-company\/\" \/>\n<meta property=\"og:site_name\" content=\"EFI Sped\" \/>\n<meta property=\"article:modified_time\" content=\"2022-08-24T14:21:42+00:00\" \/>\n<meta property=\"og:image\" content=\"https:\/\/efisped.com\/wp-content\/uploads\/2022\/08\/logo-efisped-1-e1661350843163.png\" \/>\n\t<meta property=\"og:image:width\" content=\"200\" \/>\n\t<meta property=\"og:image:height\" content=\"209\" \/>\n\t<meta property=\"og:image:type\" content=\"image\/png\" \/>\n<meta name=\"twitter:card\" content=\"summary_large_image\" \/>\n<meta name=\"twitter:label1\" content=\"Dur\u00e9e de lecture estim\u00e9e\" \/>\n\t<meta name=\"twitter:data1\" content=\"1 minute\" \/>\n<script type=\"application\/ld+json\" class=\"yoast-schema-graph\">{\"@context\":\"https:\/\/schema.org\",\"@graph\":[{\"@type\":\"Organization\",\"@id\":\"https:\/\/efisped.com\/#organization\",\"name\":\"Efi Transportes\",\"url\":\"https:\/\/efisped.com\/\",\"sameAs\":[],\"logo\":{\"@type\":\"ImageObject\",\"inLanguage\":\"fr-FR\",\"@id\":\"https:\/\/efisped.com\/#\/schema\/logo\/image\/\",\"url\":\"https:\/\/efisped.com\/wp-content\/uploads\/2022\/08\/Efi-Transportes-jpeg-2.jpg\",\"contentUrl\":\"https:\/\/efisped.com\/wp-content\/uploads\/2022\/08\/Efi-Transportes-jpeg-2.jpg\",\"width\":1500,\"height\":1500,\"caption\":\"Efi Transportes\"},\"image\":{\"@id\":\"https:\/\/efisped.com\/#\/schema\/logo\/image\/\"}},{\"@type\":\"WebSite\",\"@id\":\"https:\/\/efisped.com\/#website\",\"url\":\"https:\/\/efisped.com\/\",\"name\":\"EFI Sped\",\"description\":\"\",\"publisher\":{\"@id\":\"https:\/\/efisped.com\/#organization\"},\"potentialAction\":[{\"@type\":\"SearchAction\",\"target\":{\"@type\":\"EntryPoint\",\"urlTemplate\":\"https:\/\/efisped.com\/?s={search_term_string}\"},\"query-input\":\"required name=search_term_string\"}],\"inLanguage\":\"fr-FR\"},{\"@type\":\"WebPage\",\"@id\":\"https:\/\/efisped.com\/about-efi-sped-transport-relocation-company\/\",\"url\":\"https:\/\/efisped.com\/about-efi-sped-transport-relocation-company\/\",\"name\":\"About - EFI Sped\",\"isPartOf\":{\"@id\":\"https:\/\/efisped.com\/#website\"},\"datePublished\":\"2017-04-03T13:07:23+00:00\",\"dateModified\":\"2022-08-24T14:21:42+00:00\",\"description\":\"About - Efi Sped - Transport & Relocation company. Everything from moving, to loading and unloading cargoes..\",\"breadcrumb\":{\"@id\":\"https:\/\/efisped.com\/about-efi-sped-transport-relocation-company\/#breadcrumb\"},\"inLanguage\":\"fr-FR\",\"potentialAction\":[{\"@type\":\"ReadAction\",\"target\":[\"https:\/\/efisped.com\/about-efi-sped-transport-relocation-company\/\"]}]},{\"@type\":\"BreadcrumbList\",\"@id\":\"https:\/\/efisped.com\/about-efi-sped-transport-relocation-company\/#breadcrumb\",\"itemListElement\":[{\"@type\":\"ListItem\",\"position\":1,\"name\":\"Home\",\"item\":\"https:\/\/efisped.com\/\"},{\"@type\":\"ListItem\",\"position\":2,\"name\":\"About\"}]}]}<\/script>\n<!-- \/ Yoast SEO plugin. -->","yoast_head_json":{"title":"About - EFI Sped","description":"About - Efi Sped - Transport & Relocation company. Everything from moving, to loading and unloading cargoes..","robots":{"index":"index","follow":"follow","max-snippet":"max-snippet:-1","max-image-preview":"max-image-preview:large","max-video-preview":"max-video-preview:-1"},"canonical":"https:\/\/efisped.com\/fr\/about-efi-sped-transport-relocation-company\/","og_locale":"fr_FR","og_type":"article","og_title":"About - EFI Sped","og_description":"About - Efi Sped - Transport & Relocation company. Everything from moving, to loading and unloading cargoes..","og_url":"https:\/\/efisped.com\/fr\/about-efi-sped-transport-relocation-company\/","og_site_name":"EFI Sped","article_modified_time":"2022-08-24T14:21:42+00:00","og_image":[{"width":200,"height":209,"url":"https:\/\/efisped.com\/wp-content\/uploads\/2022\/08\/logo-efisped-1-e1661350843163.png","type":"image\/png"}],"twitter_card":"summary_large_image","twitter_misc":{"Dur\u00e9e de lecture estim\u00e9e":"1 minute"},"schema":{"@context":"https:\/\/schema.org","@graph":[{"@type":"Organization","@id":"https:\/\/efisped.com\/#organization","name":"Efi Transportes","url":"https:\/\/efisped.com\/","sameAs":[],"logo":{"@type":"ImageObject","inLanguage":"fr-FR","@id":"https:\/\/efisped.com\/#\/schema\/logo\/image\/","url":"https:\/\/efisped.com\/wp-content\/uploads\/2022\/08\/Efi-Transportes-jpeg-2.jpg","contentUrl":"https:\/\/efisped.com\/wp-content\/uploads\/2022\/08\/Efi-Transportes-jpeg-2.jpg","width":1500,"height":1500,"caption":"Efi Transportes"},"image":{"@id":"https:\/\/efisped.com\/#\/schema\/logo\/image\/"}},{"@type":"WebSite","@id":"https:\/\/efisped.com\/#website","url":"https:\/\/efisped.com\/","name":"EFI Sped","description":"","publisher":{"@id":"https:\/\/efisped.com\/#organization"},"potentialAction":[{"@type":"SearchAction","target":{"@type":"EntryPoint","urlTemplate":"https:\/\/efisped.com\/?s={search_term_string}"},"query-input":"required name=search_term_string"}],"inLanguage":"fr-FR"},{"@type":"WebPage","@id":"https:\/\/efisped.com\/about-efi-sped-transport-relocation-company\/","url":"https:\/\/efisped.com\/about-efi-sped-transport-relocation-company\/","name":"About - EFI Sped","isPartOf":{"@id":"https:\/\/efisped.com\/#website"},"datePublished":"2017-04-03T13:07:23+00:00","dateModified":"2022-08-24T14:21:42+00:00","description":"About - Efi Sped - Transport & Relocation company. Everything from moving, to loading and unloading cargoes..","breadcrumb":{"@id":"https:\/\/efisped.com\/about-efi-sped-transport-relocation-company\/#breadcrumb"},"inLanguage":"fr-FR","potentialAction":[{"@type":"ReadAction","target":["https:\/\/efisped.com\/about-efi-sped-transport-relocation-company\/"]}]},{"@type":"BreadcrumbList","@id":"https:\/\/efisped.com\/about-efi-sped-transport-relocation-company\/#breadcrumb","itemListElement":[{"@type":"ListItem","position":1,"name":"Home","item":"https:\/\/efisped.com\/"},{"@type":"ListItem","position":2,"name":"About"}]}]}},"_links":{"self":[{"href":"https:\/\/efisped.com\/fr\/wp-json\/wp\/v2\/pages\/29","targetHints":{"allow":["GET"]}}],"collection":[{"href":"https:\/\/efisped.com\/fr\/wp-json\/wp\/v2\/pages"}],"about":[{"href":"https:\/\/efisped.com\/fr\/wp-json\/wp\/v2\/types\/page"}],"author":[{"embeddable":true,"href":"https:\/\/efisped.com\/fr\/wp-json\/wp\/v2\/users\/1"}],"replies":[{"embeddable":true,"href":"https:\/\/efisped.com\/fr\/wp-json\/wp\/v2\/comments?post=29"}],"version-history":[{"count":63,"href":"https:\/\/efisped.com\/fr\/wp-json\/wp\/v2\/pages\/29\/revisions"}],"predecessor-version":[{"id":3743,"href":"https:\/\/efisped.com\/fr\/wp-json\/wp\/v2\/pages\/29\/revisions\/3743"}],"wp:featuredmedia":[{"embeddable":true,"href":"https:\/\/efisped.com\/fr\/wp-json\/wp\/v2\/media\/3742"}],"wp:attachment":[{"href":"https:\/\/efisped.com\/fr\/wp-json\/wp\/v2\/media?parent=29"}],"curies":[{"name":"wp","href":"https:\/\/api.w.org\/{rel}","templated":true}]}}