{"id":57,"date":"2017-04-03T13:13:04","date_gmt":"2017-04-03T13:13:04","guid":{"rendered":"https:\/\/efisped.com\/?page_id=57"},"modified":"2022-08-24T14:21:12","modified_gmt":"2022-08-24T14:21:12","slug":"contact-efi-sped-transport-relocation-company","status":"publish","type":"page","link":"https:\/\/efisped.com\/cs\/contact-efi-sped-transport-relocation-company\/","title":{"rendered":"Kontakt"},"content":{"rendered":"<div class=\"vc_row wpb_row vc_row-fluid\"><div class=\"wpb_column vc_column_container vc_col-sm-12 sc_layouts_column_icons_position_left\"><div class=\"vc_column-inner\"><div class=\"wpb_wrapper\"><div class=\"vc_empty_space  height_medium\"   style=\"height: 32px\"><span class=\"vc_empty_space_inner\"><\/span><\/div>\n\t<div class=\"wpb_text_column wpb_content_element\" >\n\t\t<div class=\"wpb_wrapper\">\n\t\t\t<div class=\"wpb_text_column wpb_content_element\" style=\"text-align: center;\">\n<h6 class=\"wpb_wrapper\">Z\u00e1kladem dobr\u00e9ho vztahu je dobr\u00e1 komunikace.<br \/>\nJsme k dispozici 24\/7, 365\/365.<\/h6>\n<\/div>\n\n\t\t<\/div>\n\t<\/div>\n<div class=\"vc_empty_space  height_small\"   style=\"height: 32px\"><span class=\"vc_empty_space_inner\"><\/span><\/div><\/div><\/div><\/div><div class=\"wpb_column vc_column_container vc_col-sm-12 vc_col-md-8 sc_layouts_column_icons_position_left\"><div class=\"vc_column-inner\"><div class=\"wpb_wrapper\"><div id=\"sc_title_2061863183\"\n\t\tclass=\"sc_title color_style_default sc_title_default  vc_custom_1568095328971\"><h6 class=\"sc_item_subtitle sc_title_subtitle sc_align_left sc_item_title_style_default\">B\u00fdt v kontaktu<\/h6><h2 class=\"sc_item_title sc_title_title sc_align_left sc_item_title_style_default sc_item_title_tag\">Kontaktujte n\u00e1s<\/h2><\/div><!-- \/.sc_title --><div role=\"form\" class=\"wpcf7\" id=\"wpcf7-f768-o1\" lang=\"en-US\" dir=\"ltr\">\n<div class=\"screen-reader-response\"><p role=\"status\" aria-live=\"polite\" aria-atomic=\"true\"><\/p> <ul><\/ul><\/div>\n<form action=\"\/cs\/wp-json\/wp\/v2\/pages\/57#wpcf7-f768-o1\" method=\"post\" class=\"wpcf7-form init\" novalidate=\"novalidate\" data-status=\"init\" data-trp-original-action=\"\/cs\/wp-json\/wp\/v2\/pages\/57#wpcf7-f768-o1\">\n<div style=\"display: none;\">\n<input type=\"hidden\" name=\"_wpcf7\" value=\"768\" \/>\n<input type=\"hidden\" name=\"_wpcf7_version\" value=\"5.6.1\" \/>\n<input type=\"hidden\" name=\"_wpcf7_locale\" value=\"en_US\" \/>\n<input type=\"hidden\" name=\"_wpcf7_unit_tag\" value=\"wpcf7-f768-o1\" \/>\n<input type=\"hidden\" name=\"_wpcf7_container_post\" value=\"0\" \/>\n<input type=\"hidden\" name=\"_wpcf7_posted_data_hash\" value=\"\" \/>\n<\/div>\n<div class=\"contact_us\">\n<div class=\"flex\">\n<div class='itm row' ><span class=\"wpcf7-form-control-wrap\" data-name=\"your-name\"><input type=\"text\" name=\"your-name\" value=\"\" size=\"40\" class=\"wpcf7-form-control wpcf7-text wpcf7-validates-as-required\" aria-required=\"true\" aria-invalid=\"false\" placeholder=\"Tv\u00e9 jm\u00e9no*\" \/><\/span><\/div>\n<div class='itm row'><span class=\"wpcf7-form-control-wrap\" data-name=\"your-email\"><input type=\"email\" name=\"your-email\" value=\"\" size=\"40\" class=\"wpcf7-form-control wpcf7-text wpcf7-email wpcf7-validates-as-required wpcf7-validates-as-email\" aria-required=\"true\" aria-invalid=\"false\" placeholder=\"Tv\u016fj e-mail*\" \/><\/span><\/div>\n<\/div>\n<div class=''><span class=\"wpcf7-form-control-wrap\" data-name=\"your-message\"><textarea name=\"your-message\" cols=\"40\" rows=\"10\" class=\"wpcf7-form-control wpcf7-textarea wpcf7-validates-as-required\" aria-required=\"true\" aria-invalid=\"false\" placeholder=\"Va\u0161e zpr\u00e1va*\"><\/textarea><\/span><\/div>\n<div class=\"sc_form_field sc_form_field_button sc_form_field_submit\">\n<input type=\"submit\" value=\"Poslat zpr\u00e1vu\" class=\"wpcf7-form-control has-spinner wpcf7-submit\" \/><\/div>\n<\/div>\n<div class=\"wpcf7-response-output\" aria-hidden=\"true\"><\/div><input type=\"hidden\" name=\"trp-form-language\" value=\"cs\"\/><\/form><\/div><div class=\"vc_row wpb_row vc_inner vc_row-fluid\"><div class=\"wpb_column vc_column_container vc_col-sm-12 vc_hidden-lg vc_hidden-md sc_layouts_column_icons_position_left\"><div class=\"vc_column-inner\"><div class=\"wpb_wrapper\"><div class=\"vc_empty_space  height_large\"   style=\"height: 32px\"><span class=\"vc_empty_space_inner\"><\/span><\/div><\/div><\/div><\/div><\/div><\/div><\/div><\/div><div class=\"wpb_column vc_column_container vc_col-sm-12 vc_col-md-4 sc_layouts_column_icons_position_left\"><div class=\"vc_column-inner\"><div class=\"wpb_wrapper\"><div id=\"sc_content_792448646\"\n\t\tclass=\"sc_content color_style_default scheme_dark sc_content_default sc_float_center  vc_custom_1659874810414\"><div class=\"sc_content_container\"><div class=\"vc_empty_space\"   style=\"height: 5.1rem\"><span class=\"vc_empty_space_inner\"><\/span><\/div>\n\t<div class=\"wpb_text_column wpb_content_element\" >\n\t\t<div class=\"wpb_wrapper\">\n\t\t\t<h6 style=\"text-align: center;\">Adresa<\/h6>\n<p style=\"text-align: center;\">Street Diseminados, 62, La Almunia<br \/>\nZaragoza<br \/>\nCP: 50100<\/p>\n\n\t\t<\/div>\n\t<\/div>\n<div class=\"vc_empty_space\"   style=\"height: 4rem\"><span class=\"vc_empty_space_inner\"><\/span><\/div>\n\t<div class=\"wpb_text_column wpb_content_element\" >\n\t\t<div class=\"wpb_wrapper\">\n\t\t\t<h6 style=\"text-align: center;\">Kontakty<\/h6>\n<p style=\"text-align: center;\"><strong><span style=\"color: #f9c649;\"><a href=\"tel:0034.640.905.844\">0034.640.905.844<\/a><\/span><\/strong><br \/>\n<a href=\"mailto:office@efisped.com\">office@efisped.com<\/a><\/p>\n\n\t\t<\/div>\n\t<\/div>\n<div class=\"vc_empty_space\"   style=\"height: 4rem\"><span class=\"vc_empty_space_inner\"><\/span><\/div><div id=\"widget_socials_711017739\" class=\"widget_area sc_widget_socials vc_widget_socials wpb_content_element\"><aside id=\"widget_socials_711017739_widget\" class=\"widget widget_socials\"><div class=\"socials_wrap sc_align_center\"><a target=\"_blank\" href=\"https:\/\/www.facebook.com\" class=\"social_item social_item_style_icons social_item_type_icons\"><span class=\"social_icon social_facebook\"><span class=\"icon-facebook\"><\/span><\/span><\/a><\/div><\/aside><\/div><div class=\"vc_empty_space\"   style=\"height: 5.6rem\"><span class=\"vc_empty_space_inner\"><\/span><\/div><\/div><\/div><!-- \/.sc_content --><\/div><\/div><\/div><div class=\"wpb_column vc_column_container vc_col-sm-12 sc_layouts_column_icons_position_left\"><div class=\"vc_column-inner\"><div class=\"wpb_wrapper\"><div class=\"vc_empty_space  vc_custom_1496918180028 height_huge\"   style=\"height: 32px\"><span class=\"vc_empty_space_inner\"><\/span><\/div><\/div><\/div><\/div><\/div><div data-vc-full-width=\"true\" data-vc-full-width-init=\"false\" data-vc-stretch-content=\"true\" class=\"vc_row wpb_row vc_row-fluid vc_row-no-padding\"><div class=\"wpb_column vc_column_container vc_col-sm-12 sc_layouts_column_icons_position_left\"><div class=\"vc_column-inner\"><div class=\"wpb_wrapper\"><\/div><\/div><\/div><\/div><div class=\"vc_row-full-width vc_clearfix\"><\/div>","protected":false},"excerpt":{"rendered":"The base for a good relationship is a good communication. We are available 24\/7, 365\/365. Get in touchContact Us Address Street Diseminados, 62, La Almunia Zaragoza CP: 50100 Contacts 0034.640.905.844 office@efisped.com","protected":false},"author":1,"featured_media":3742,"parent":0,"menu_order":0,"comment_status":"closed","ping_status":"closed","template":"","meta":{"footnotes":""},"class_list":["post-57","page","type-page","status-publish","has-post-thumbnail","hentry"],"yoast_head":"<!-- This site is optimized with the Yoast SEO plugin v19.4 - https:\/\/yoast.com\/wordpress\/plugins\/seo\/ -->\n<title>Contact - EFI Sped<\/title>\n<meta name=\"description\" content=\"Contact Efi Sped - Transport &amp; Relocation company\" \/>\n<meta name=\"robots\" content=\"index, follow, max-snippet:-1, max-image-preview:large, max-video-preview:-1\" \/>\n<link rel=\"canonical\" href=\"https:\/\/efisped.com\/cs\/contact-efi-sped-transport-relocation-company\/\" \/>\n<meta property=\"og:locale\" content=\"cs_CZ\" \/>\n<meta property=\"og:type\" content=\"article\" \/>\n<meta property=\"og:title\" content=\"Contact - EFI Sped\" \/>\n<meta property=\"og:description\" content=\"Contact Efi Sped - Transport &amp; Relocation company\" \/>\n<meta property=\"og:url\" content=\"https:\/\/efisped.com\/cs\/contact-efi-sped-transport-relocation-company\/\" \/>\n<meta property=\"og:site_name\" content=\"EFI Sped\" \/>\n<meta property=\"article:modified_time\" content=\"2022-08-24T14:21:12+00:00\" \/>\n<meta property=\"og:image\" content=\"https:\/\/efisped.com\/wp-content\/uploads\/2022\/08\/logo-efisped-1-e1661350843163.png\" \/>\n\t<meta property=\"og:image:width\" content=\"200\" \/>\n\t<meta property=\"og:image:height\" content=\"209\" \/>\n\t<meta property=\"og:image:type\" content=\"image\/png\" \/>\n<meta name=\"twitter:card\" content=\"summary_large_image\" \/>\n<meta name=\"twitter:label1\" content=\"Odhadovan\u00e1 doba \u010dten\u00ed\" \/>\n\t<meta name=\"twitter:data1\" content=\"1 minuta\" \/>\n<script type=\"application\/ld+json\" class=\"yoast-schema-graph\">{\"@context\":\"https:\/\/schema.org\",\"@graph\":[{\"@type\":\"Organization\",\"@id\":\"https:\/\/efisped.com\/#organization\",\"name\":\"Efi Transportes\",\"url\":\"https:\/\/efisped.com\/\",\"sameAs\":[],\"logo\":{\"@type\":\"ImageObject\",\"inLanguage\":\"cs\",\"@id\":\"https:\/\/efisped.com\/#\/schema\/logo\/image\/\",\"url\":\"https:\/\/efisped.com\/wp-content\/uploads\/2022\/08\/Efi-Transportes-jpeg-2.jpg\",\"contentUrl\":\"https:\/\/efisped.com\/wp-content\/uploads\/2022\/08\/Efi-Transportes-jpeg-2.jpg\",\"width\":1500,\"height\":1500,\"caption\":\"Efi Transportes\"},\"image\":{\"@id\":\"https:\/\/efisped.com\/#\/schema\/logo\/image\/\"}},{\"@type\":\"WebSite\",\"@id\":\"https:\/\/efisped.com\/#website\",\"url\":\"https:\/\/efisped.com\/\",\"name\":\"EFI Sped\",\"description\":\"\",\"publisher\":{\"@id\":\"https:\/\/efisped.com\/#organization\"},\"potentialAction\":[{\"@type\":\"SearchAction\",\"target\":{\"@type\":\"EntryPoint\",\"urlTemplate\":\"https:\/\/efisped.com\/?s={search_term_string}\"},\"query-input\":\"required name=search_term_string\"}],\"inLanguage\":\"cs\"},{\"@type\":\"WebPage\",\"@id\":\"https:\/\/efisped.com\/contact-efi-sped-transport-relocation-company\/\",\"url\":\"https:\/\/efisped.com\/contact-efi-sped-transport-relocation-company\/\",\"name\":\"Contact - EFI Sped\",\"isPartOf\":{\"@id\":\"https:\/\/efisped.com\/#website\"},\"datePublished\":\"2017-04-03T13:13:04+00:00\",\"dateModified\":\"2022-08-24T14:21:12+00:00\",\"description\":\"Contact Efi Sped - Transport & Relocation company\",\"breadcrumb\":{\"@id\":\"https:\/\/efisped.com\/contact-efi-sped-transport-relocation-company\/#breadcrumb\"},\"inLanguage\":\"cs\",\"potentialAction\":[{\"@type\":\"ReadAction\",\"target\":[\"https:\/\/efisped.com\/contact-efi-sped-transport-relocation-company\/\"]}]},{\"@type\":\"BreadcrumbList\",\"@id\":\"https:\/\/efisped.com\/contact-efi-sped-transport-relocation-company\/#breadcrumb\",\"itemListElement\":[{\"@type\":\"ListItem\",\"position\":1,\"name\":\"Home\",\"item\":\"https:\/\/efisped.com\/\"},{\"@type\":\"ListItem\",\"position\":2,\"name\":\"Contact\"}]}]}<\/script>\n<!-- \/ Yoast SEO plugin. -->","yoast_head_json":{"title":"Contact - EFI Sped","description":"Contact Efi Sped - Transport & Relocation company","robots":{"index":"index","follow":"follow","max-snippet":"max-snippet:-1","max-image-preview":"max-image-preview:large","max-video-preview":"max-video-preview:-1"},"canonical":"https:\/\/efisped.com\/cs\/contact-efi-sped-transport-relocation-company\/","og_locale":"cs_CZ","og_type":"article","og_title":"Contact - EFI Sped","og_description":"Contact Efi Sped - Transport & Relocation company","og_url":"https:\/\/efisped.com\/cs\/contact-efi-sped-transport-relocation-company\/","og_site_name":"EFI Sped","article_modified_time":"2022-08-24T14:21:12+00:00","og_image":[{"width":200,"height":209,"url":"https:\/\/efisped.com\/wp-content\/uploads\/2022\/08\/logo-efisped-1-e1661350843163.png","type":"image\/png"}],"twitter_card":"summary_large_image","twitter_misc":{"Odhadovan\u00e1 doba \u010dten\u00ed":"1 minuta"},"schema":{"@context":"https:\/\/schema.org","@graph":[{"@type":"Organization","@id":"https:\/\/efisped.com\/#organization","name":"Efi Transportes","url":"https:\/\/efisped.com\/","sameAs":[],"logo":{"@type":"ImageObject","inLanguage":"cs","@id":"https:\/\/efisped.com\/#\/schema\/logo\/image\/","url":"https:\/\/efisped.com\/wp-content\/uploads\/2022\/08\/Efi-Transportes-jpeg-2.jpg","contentUrl":"https:\/\/efisped.com\/wp-content\/uploads\/2022\/08\/Efi-Transportes-jpeg-2.jpg","width":1500,"height":1500,"caption":"Efi Transportes"},"image":{"@id":"https:\/\/efisped.com\/#\/schema\/logo\/image\/"}},{"@type":"WebSite","@id":"https:\/\/efisped.com\/#website","url":"https:\/\/efisped.com\/","name":"EFI Sped","description":"","publisher":{"@id":"https:\/\/efisped.com\/#organization"},"potentialAction":[{"@type":"SearchAction","target":{"@type":"EntryPoint","urlTemplate":"https:\/\/efisped.com\/?s={search_term_string}"},"query-input":"required name=search_term_string"}],"inLanguage":"cs"},{"@type":"WebPage","@id":"https:\/\/efisped.com\/contact-efi-sped-transport-relocation-company\/","url":"https:\/\/efisped.com\/contact-efi-sped-transport-relocation-company\/","name":"Contact - EFI Sped","isPartOf":{"@id":"https:\/\/efisped.com\/#website"},"datePublished":"2017-04-03T13:13:04+00:00","dateModified":"2022-08-24T14:21:12+00:00","description":"Contact Efi Sped - Transport & Relocation company","breadcrumb":{"@id":"https:\/\/efisped.com\/contact-efi-sped-transport-relocation-company\/#breadcrumb"},"inLanguage":"cs","potentialAction":[{"@type":"ReadAction","target":["https:\/\/efisped.com\/contact-efi-sped-transport-relocation-company\/"]}]},{"@type":"BreadcrumbList","@id":"https:\/\/efisped.com\/contact-efi-sped-transport-relocation-company\/#breadcrumb","itemListElement":[{"@type":"ListItem","position":1,"name":"Home","item":"https:\/\/efisped.com\/"},{"@type":"ListItem","position":2,"name":"Contact"}]}]}},"_links":{"self":[{"href":"https:\/\/efisped.com\/cs\/wp-json\/wp\/v2\/pages\/57","targetHints":{"allow":["GET"]}}],"collection":[{"href":"https:\/\/efisped.com\/cs\/wp-json\/wp\/v2\/pages"}],"about":[{"href":"https:\/\/efisped.com\/cs\/wp-json\/wp\/v2\/types\/page"}],"author":[{"embeddable":true,"href":"https:\/\/efisped.com\/cs\/wp-json\/wp\/v2\/users\/1"}],"replies":[{"embeddable":true,"href":"https:\/\/efisped.com\/cs\/wp-json\/wp\/v2\/comments?post=57"}],"version-history":[{"count":21,"href":"https:\/\/efisped.com\/cs\/wp-json\/wp\/v2\/pages\/57\/revisions"}],"predecessor-version":[{"id":3738,"href":"https:\/\/efisped.com\/cs\/wp-json\/wp\/v2\/pages\/57\/revisions\/3738"}],"wp:featuredmedia":[{"embeddable":true,"href":"https:\/\/efisped.com\/cs\/wp-json\/wp\/v2\/media\/3742"}],"wp:attachment":[{"href":"https:\/\/efisped.com\/cs\/wp-json\/wp\/v2\/media?parent=57"}],"curies":[{"name":"wp","href":"https:\/\/api.w.org\/{rel}","templated":true}]}}